{"id":4785,"date":"2021-12-15T12:27:15","date_gmt":"2021-12-15T11:27:15","guid":{"rendered":"https:\/\/www.sunextrusion.de\/?page_id=4785"},"modified":"2021-12-15T12:31:01","modified_gmt":"2021-12-15T11:31:01","slug":"protection-des-donnees","status":"publish","type":"page","link":"https:\/\/www.sunextrusion.de\/fr\/protection-des-donnees\/","title":{"rendered":"Protection des donn\u00e9es"},"content":{"rendered":"<h1>Protection des donn\u00e9es<\/h1>\n<h2>1. Un aper\u00e7u de la protection des donn\u00e9es<\/h2>\n<h3>Informations g\u00e9n\u00e9rales<\/h3>\n<p>Les informations suivantes vous fourniront un aper\u00e7u facile \u00e0 parcourir de ce qu&rsquo;il adviendra de vos donn\u00e9es personnelles lorsque vous visitez ce site Web. Le terme \u00ab\u00a0donn\u00e9es personnelles\u00a0\u00bb comprend toutes les donn\u00e9es qui peuvent \u00eatre utilis\u00e9es pour vous identifier personnellement. Pour des informations d\u00e9taill\u00e9es sur le sujet de la protection des donn\u00e9es, veuillez consulter notre d\u00e9claration de protection des donn\u00e9es, que nous avons incluse sous cette copie.<\/p>\n<h3>Enregistrement des donn\u00e9es sur ce site<\/h3>\n<h4>Qui est la partie responsable de l&rsquo;enregistrement des donn\u00e9es sur ce site Web (c&rsquo;est-\u00e0-dire le \u00ab\u00a0contr\u00f4leur\u00a0\u00bb)\u00a0?<\/h4>\n<p>Les donn\u00e9es de ce site Web sont trait\u00e9es par l&rsquo;exploitant du site Web, dont les coordonn\u00e9es sont disponibles dans la section \u00ab\u00a0Informations sur la partie responsable (appel\u00e9e \u00ab\u00a0responsable du traitement\u00a0\u00bb dans le RGPD)\u00a0\u00bb dans la pr\u00e9sente politique de confidentialit\u00e9.<\/p>\n<h4>Comment enregistrons-nous vos donn\u00e9es ?<\/h4>\n<p>Nous collectons vos donn\u00e9es \u00e0 la suite de votre partage de vos donn\u00e9es avec nous. Il peut s&rsquo;agir par exemple d&rsquo;informations que vous saisissez dans notre formulaire de contact.<\/p>\n<p>D&rsquo;autres donn\u00e9es seront enregistr\u00e9es par nos syst\u00e8mes informatiques automatiquement ou apr\u00e8s que vous ayez consenti \u00e0 leur enregistrement lors de votre visite sur le site. Ces donn\u00e9es comprennent principalement des informations techniques (par exemple, navigateur Web, syst\u00e8me d&rsquo;exploitation ou heure d&rsquo;acc\u00e8s au site). Ces informations sont enregistr\u00e9es automatiquement lorsque vous acc\u00e9dez \u00e0 ce site.<\/p>\n<h4>\u00c0 quelles fins utilisons-nous vos donn\u00e9es\u00a0?<\/h4>\n<p>Une partie des informations est g\u00e9n\u00e9r\u00e9e pour garantir la mise \u00e0 disposition sans erreur du site Web. D&rsquo;autres donn\u00e9es peuvent \u00eatre utilis\u00e9es pour analyser vos habitudes d&rsquo;utilisation.<\/p>\n<h4>De quels droits disposez-vous en ce qui concerne vos informations ?<\/h4>\n<p>Vous avez le droit de recevoir des informations sur la source, les destinataires et les finalit\u00e9s de vos donn\u00e9es personnelles archiv\u00e9es \u00e0 tout moment sans avoir \u00e0 payer de frais pour de telles divulgations. Vous avez \u00e9galement le droit d&rsquo;exiger que vos donn\u00e9es soient rectifi\u00e9es ou supprim\u00e9es. Si vous avez consenti au traitement des donn\u00e9es, vous avez la possibilit\u00e9 de r\u00e9voquer ce consentement \u00e0 tout moment, ce qui affectera tout traitement futur des donn\u00e9es. De plus, vous avez le droit d&rsquo;exiger que le traitement de vos donn\u00e9es soit limit\u00e9 dans certaines circonstances. De plus, vous avez le droit de d\u00e9poser une plainte aupr\u00e8s de l&rsquo;organisme de contr\u00f4le comp\u00e9tent.<\/p>\n<p>N&rsquo;h\u00e9sitez pas \u00e0 nous contacter \u00e0 tout moment si vous avez des questions \u00e0 ce sujet ou sur tout autre probl\u00e8me li\u00e9 \u00e0 la protection des donn\u00e9es.<\/p>\n<h2>2. Hosting<\/h2>\n<h3>Hosting avec Strato<\/h3>\n<p>Nous h\u00e9bergeons notre site Web avec All-Inkl. Le fournisseur est Strato AG, Pascalstra\u00dfe 10, 10587 Berlin. Pour plus de d\u00e9tails, veuillez consulter la politique de confidentialit\u00e9 de Strato: <a href=\"https:\/\/www.strato.de\/datenschutz\/\" target=\"_blank\" rel=\"noopener noreferrer\">https:\/\/www.strato.de\/datenschutz\/<\/a>.<\/p>\n<p>L&rsquo;utilisation d&rsquo;All-Inkl est bas\u00e9e sur l&rsquo;art. 6(1)(f) du RGPD. Nous avons un int\u00e9r\u00eat l\u00e9gitime dans la repr\u00e9sentation la plus fiable de notre site Web. Si un consentement appropri\u00e9 a \u00e9t\u00e9 obtenu, le traitement est effectu\u00e9 exclusivement sur la base de l&rsquo;art. 6 (1) (a) GDPR et \u00a7 25 (1) TTDSG, dans la mesure o\u00f9 le consentement inclut le stockage de cookies ou l&rsquo;acc\u00e8s aux informations dans l&rsquo;appareil final de l&rsquo;utilisateur (par exemple, l&#8217;empreinte digitale de l&rsquo;appareil) au sens du TTDSG. Ce consentement peut \u00eatre r\u00e9voqu\u00e9 \u00e0 tout moment.<\/p>\n<h4>Traitement de l&rsquo;information<\/h4>\n<p>Nous avons conclu un accord de traitement des donn\u00e9es (DPA) avec le fournisseur susmentionn\u00e9. Il s&rsquo;agit d&rsquo;un contrat mandat\u00e9 par les lois sur la protection des donn\u00e9es qui garantit qu&rsquo;ils traitent les donn\u00e9es personnelles des visiteurs de notre site Web uniquement sur la base de nos instructions et conform\u00e9ment au RGPD.<\/p>\n<h2>3. Informations g\u00e9n\u00e9rales et informations obligatoires<\/h2>\n<h3>Protection des donn\u00e9es<\/h3>\n<p>Les exploitants de ce site Web et de ses pages prennent tr\u00e8s au s\u00e9rieux la protection de vos donn\u00e9es personnelles. Par cons\u00e9quent, nous traitons vos donn\u00e9es personnelles en tant qu&rsquo;informations confidentielles et conform\u00e9ment aux r\u00e9glementations l\u00e9gales en mati\u00e8re de protection des donn\u00e9es et \u00e0 la pr\u00e9sente d\u00e9claration de protection des donn\u00e9es.<\/p>\n<p>Chaque fois que vous utilisez ce site Web, diverses informations personnelles sont collect\u00e9es. Les donn\u00e9es personnelles comprennent les donn\u00e9es qui peuvent \u00eatre utilis\u00e9es pour vous identifier personnellement. Cette d\u00e9claration de protection des donn\u00e9es explique quelles donn\u00e9es nous collectons ainsi que les finalit\u00e9s pour lesquelles nous utilisons ces donn\u00e9es. Il explique \u00e9galement comment et dans quel but les informations sont collect\u00e9es.<\/p>\n<p>Nous vous informons par la pr\u00e9sente que la transmission de donn\u00e9es via Internet (c&rsquo;est-\u00e0-dire via des communications par e-mail) peut \u00eatre sujette \u00e0 des failles de s\u00e9curit\u00e9. Il n&rsquo;est pas possible de prot\u00e9ger compl\u00e8tement les donn\u00e9es contre l&rsquo;acc\u00e8s de tiers.<\/p>\n<h3>Informations sur la partie responsable (appel\u00e9e \u00ab\u00a0responsable du traitement\u00a0\u00bb dans le RGPD)<\/h3>\n<p>Le responsable du traitement des donn\u00e9es sur ce site Internet est :<\/p>\n<p>Datenschutzbeauftragter<br \/>\nWarschauer Str. 22<br \/>\nD-48455 Bad Bentheim<\/p>\n<p>+49-(0)5924 \/ 900 70 20<br \/>\ninfo[at]sunextrusion.de<\/p>\n<p>Le responsable du traitement est la personne physique ou morale qui, seule ou conjointement avec d&rsquo;autres, prend des d\u00e9cisions concernant les finalit\u00e9s et les ressources du traitement des donn\u00e9es personnelles (par exemple, les noms, les adresses e-mail, etc.).<\/p>\n<h3>Dur\u00e9e de stockage<\/h3>\n<p>Sauf si une p\u00e9riode de stockage plus sp\u00e9cifique a \u00e9t\u00e9 sp\u00e9cifi\u00e9e dans cette politique de confidentialit\u00e9, vos donn\u00e9es personnelles resteront avec nous jusqu&rsquo;\u00e0 ce que la finalit\u00e9 pour laquelle elles ont \u00e9t\u00e9 collect\u00e9es ne s&rsquo;applique plus. Si vous faites valoir une demande justifi\u00e9e de suppression ou r\u00e9voquez votre consentement au traitement des donn\u00e9es, vos donn\u00e9es seront supprim\u00e9es, \u00e0 moins que nous n&rsquo;ayons d&rsquo;autres raisons l\u00e9galement autoris\u00e9es pour stocker vos donn\u00e9es personnelles (par exemple, p\u00e9riodes de conservation du droit fiscal ou commercial)\u00a0; dans ce dernier cas, la suppression interviendra apr\u00e8s que ces motifs auront cess\u00e9 de s&rsquo;appliquer.<\/p>\n<h3>Informations g\u00e9n\u00e9rales sur la base juridique du traitement des donn\u00e9es sur ce site Web<\/h3>\n<p>Si vous avez consenti au traitement des donn\u00e9es, nous traitons vos donn\u00e9es personnelles sur la base de l&rsquo;art. 6(1)(a) RGPD ou art. 9 (2) (a) GDPR, si des cat\u00e9gories particuli\u00e8res de donn\u00e9es sont trait\u00e9es conform\u00e9ment \u00e0 l&rsquo;art. 9 (1) DSGVO. Si vous avez consenti au stockage de cookies ou \u00e0 l&rsquo;acc\u00e8s aux informations dans votre appareil final (par exemple, via l&#8217;empreinte digitale de l&rsquo;appareil), le traitement des donn\u00e9es est en outre bas\u00e9 sur le \u00a7 25 (1) TTDSG. Le consentement peut \u00eatre r\u00e9voqu\u00e9 \u00e0 tout moment. Si vos donn\u00e9es sont n\u00e9cessaires \u00e0 l&rsquo;ex\u00e9cution d&rsquo;un contrat ou \u00e0 la mise en \u0153uvre de mesures pr\u00e9contractuelles, nous traitons vos donn\u00e9es sur la base de l&rsquo;art. 6(1)(b) du RGPD. En outre, si vos donn\u00e9es sont n\u00e9cessaires \u00e0 l&rsquo;ex\u00e9cution d&rsquo;une obligation l\u00e9gale, nous les traitons sur la base de l&rsquo;art. 6(1)(c) du RGPD. En outre, le traitement des donn\u00e9es peut \u00eatre effectu\u00e9 sur la base de notre int\u00e9r\u00eat l\u00e9gitime conform\u00e9ment \u00e0 l&rsquo;art. 6(1)(f) du RGPD. Des informations sur la base juridique pertinente dans chaque cas individuel sont fournies dans les paragraphes suivants de cette politique de confidentialit\u00e9.<\/p>\n<h3>R\u00e9vocation de votre consentement au traitement des donn\u00e9es<\/h3>\n<p>Un large \u00e9ventail de transactions de traitement de donn\u00e9es ne sont possibles que sous r\u00e9serve de votre consentement expr\u00e8s. Vous pouvez \u00e9galement r\u00e9voquer \u00e0 tout moment tout consentement que vous nous avez d\u00e9j\u00e0 donn\u00e9. Ceci est sans pr\u00e9judice de la lic\u00e9it\u00e9 de toute collecte de donn\u00e9es ayant eu lieu avant votre r\u00e9vocation.<\/p>\n<h3>Droit de s&rsquo;opposer \u00e0 la collecte de donn\u00e9es dans des cas particuliers\u00a0; droit de s&rsquo;opposer \u00e0 la publicit\u00e9 directe (art. 21 RGPD)<\/h3>\n<p>DANS LE CAS O LES DONN\u00c9ES SONT TRAIT\u00c9ES SUR LA BASE DE L&rsquo;ART. 6(1)(E) OU (F) du RGPD, VOUS AVEZ LE DROIT DE VOUS OPPOSER \u00c0 TOUT MOMENT AU TRAITEMENT DE VOS DONN\u00c9ES PERSONNELLES SUR LA BASE DE MOTIFS D\u00c9COULANT DE VOTRE SITUATION UNIQUE. CECI S&rsquo;APPLIQUE \u00c9GALEMENT \u00c0 TOUT PROFILAGE BAS\u00c9 SUR CES DISPOSITIONS. POUR D\u00c9TERMINER LA BASE JURIDIQUE SUR LAQUELLE EST BAS\u00c9 TOUT TRAITEMENT DE DONN\u00c9ES, VEUILLEZ CONSULTER CETTE D\u00c9CLARATION DE PROTECTION DES DONN\u00c9ES. SI VOUS ENREGISTREZ UNE OBJECTION, NOUS NE TRAITERONS PLUS VOS DONN\u00c9ES PERSONNELLES CONCERN\u00c9ES, SAUF SI NOUS SOMMES EN POSITION DE PR\u00c9SENTER DES MOTIFS IMPERATIFS DIGNES DE PROTECTION POUR LE TRAITEMENT DE VOS DONN\u00c9ES, QUI L&rsquo;EMPORTENT SUR VOS INT\u00c9R\u00caTS, DROITS ET LIBERT\u00c9S OU SI LE BUT DU TRAITEMENT EST LA R\u00c9CLAMATION, L&rsquo;EXERCICE OU LA D\u00c9FENSE DE DROITS JURIDIQUES (OBJECTION EN VERTU DE L&rsquo;ART. 21(1) RGPD).<\/p>\n<p>SI VOS DONN\u00c9ES PERSONNELLES SONT TRAIT\u00c9ES AFIN DE VOUS ENGAGER DANS LA PUBLICIT\u00c9 DIRECTE, VOUS AVEZ LE DROIT DE VOUS OPPOSER AU TRAITEMENT DE VOS DONN\u00c9ES PERSONNELLES CONCERN\u00c9ES AUX FINS DE CETTE PUBLICIT\u00c9 \u00c0 TOUT MOMENT. CELA S&rsquo;APPLIQUE \u00c9GALEMENT AU PROFILAGE DANS LA MESURE QU&rsquo;IL EST AFFILI\u00c9 \u00c0 CETTE PUBLICIT\u00c9 DIRECTE. SI VOUS VOUS OPPOSEZ, VOS DONN\u00c9ES PERSONNELLES NE SERONT PLUS UTILIS\u00c9ES \u00c0 DES FINS DE PUBLICIT\u00c9 DIRECTE (OBJECTION EN VERTU DE L&rsquo;ART. 21(2) RGPD).<\/p>\n<h3>Droit d&rsquo;enregistrer une r\u00e9clamation aupr\u00e8s de l&rsquo;organisme de contr\u00f4le comp\u00e9tent<\/h3>\n<p>En cas de violation du RGPD, les personnes concern\u00e9es ont le droit de d\u00e9poser une plainte aupr\u00e8s d&rsquo;un organisme de contr\u00f4le, en particulier dans l&rsquo;\u00c9tat membre o\u00f9 elles ont habituellement leur domicile, leur lieu de travail ou le lieu o\u00f9 la violation all\u00e9gu\u00e9e s&rsquo;est produite. Le droit d&rsquo;enregistrer une plainte est en vigueur ind\u00e9pendamment de toute autre proc\u00e9dure administrative ou judiciaire disponible en tant que recours l\u00e9gal.<\/p>\n<h3>Droit \u00e0 la portabilit\u00e9 des donn\u00e9es<\/h3>\n<p>Vous avez le droit d&rsquo;exiger que toutes les donn\u00e9es que nous traitons automatiquement sur la base de votre consentement ou afin de remplir un contrat vous soient remises ou \u00e0 un tiers dans un format couramment utilis\u00e9 et lisible par machine. Si vous devez exiger le transfert direct des donn\u00e9es \u00e0 un autre responsable du traitement, cela ne sera fait que si cela est techniquement possible.<\/p>\n<h3>Cryptage SSL et\/ou TLS<\/h3>\n<p>Pour des raisons de s\u00e9curit\u00e9 et pour prot\u00e9ger la transmission de contenus confidentiels, tels que les bons de commande ou les demandes de renseignements que vous nous soumettez en tant qu&rsquo;exploitant du site Web, ce site Web utilise un programme de cryptage SSL ou TLS. Vous pouvez reconna\u00eetre une connexion crypt\u00e9e en v\u00e9rifiant si la ligne d&rsquo;adresse du navigateur passe de \u00ab\u00a0http:\/\/\u00a0\u00bb \u00e0 \u00ab\u00a0https:\/\/\u00a0\u00bb et \u00e9galement par l&rsquo;apparition de l&rsquo;ic\u00f4ne de verrouillage dans la ligne du navigateur.<\/p>\n<p>Si le cryptage SSL ou TLS est activ\u00e9, les donn\u00e9es que vous nous transmettez ne peuvent pas \u00eatre lues par des tiers.<\/p>\n<h3>Information, rectification et effacement des donn\u00e9es<\/h3>\n<p>Dans le cadre des dispositions l\u00e9gales applicables, vous avez le droit de demander \u00e0 tout moment des informations sur vos donn\u00e9es personnelles archiv\u00e9es, leur source et leurs destinataires ainsi que la finalit\u00e9 du traitement de vos donn\u00e9es. Vous pouvez \u00e9galement avoir le droit de faire rectifier ou supprimer vos donn\u00e9es. Si vous avez des questions sur ce sujet ou toute autre question sur les donn\u00e9es personnelles, n&rsquo;h\u00e9sitez pas \u00e0 nous contacter \u00e0 tout moment.<\/p>\n<h3>\nDroit de demander des restrictions de traitement<\/h3>\n<p>Vous avez le droit d&rsquo;exiger l&rsquo;imposition de restrictions en ce qui concerne le traitement de vos donn\u00e9es personnelles. Pour ce faire, vous pouvez nous contacter \u00e0 tout moment. Le droit d&rsquo;exiger la limitation du traitement s&rsquo;applique dans les cas suivants\u00a0:<\/p>\n<p>Dans le cas o\u00f9 vous contesteriez l&rsquo;exactitude de vos donn\u00e9es archiv\u00e9es par nos soins, nous aurons g\u00e9n\u00e9ralement besoin d&rsquo;un certain temps pour v\u00e9rifier cette r\u00e9clamation. Pendant la dur\u00e9e de cette enqu\u00eate, vous avez le droit d&rsquo;exiger que nous restreignions le traitement de vos donn\u00e9es personnelles.<\/p>\n<p>Si le traitement de vos donn\u00e9es personnelles a \u00e9t\u00e9\/est effectu\u00e9 de mani\u00e8re ill\u00e9gale, vous avez la possibilit\u00e9 d&rsquo;exiger la restriction du traitement de vos donn\u00e9es au lieu d&rsquo;exiger l&rsquo;\u00e9radication de ces donn\u00e9es.<\/p>\n<p>Si nous n&rsquo;avons plus besoin de vos donn\u00e9es personnelles et que vous en avez besoin pour exercer, d\u00e9fendre ou revendiquer des droits l\u00e9gaux, vous avez le droit d&rsquo;exiger la restriction du traitement de vos donn\u00e9es personnelles au lieu de leur \u00e9radication.<\/p>\n<p>Si vous avez soulev\u00e9 une objection conform\u00e9ment \u00e0 l&rsquo;art. 21(1) du RGPD, vos droits et nos droits devront \u00eatre mis en balance. Tant qu&rsquo;il n&rsquo;a pas \u00e9t\u00e9 d\u00e9termin\u00e9 quels int\u00e9r\u00eats pr\u00e9valent, vous avez le droit d&rsquo;exiger une restriction du traitement de vos donn\u00e9es personnelles.<\/p>\n<p>Si vous avez limit\u00e9 le traitement de vos donn\u00e9es personnelles, ces donn\u00e9es \u2013 \u00e0 l&rsquo;exception de leur archivage \u2013 ne peuvent \u00eatre trait\u00e9es que sous r\u00e9serve de votre consentement ou pour revendiquer, exercer ou d\u00e9fendre des droits l\u00e9gaux ou pour prot\u00e9ger les droits d&rsquo;autres personnes physiques ou morales. ou pour d&rsquo;importantes raisons d&rsquo;int\u00e9r\u00eat public invoqu\u00e9es par l&rsquo;Union europ\u00e9enne ou un \u00c9tat membre de l&rsquo;UE.<\/p>\n<h2>4. Enregistrement des donn\u00e9es sur ce site<\/h2>\n<h3>Server log files<\/h3>\n<p>Le fournisseur de ce site Web et de ses pages collecte et stocke automatiquement des informations dans des fichiers journaux du serveur, que votre navigateur nous communique automatiquement. Les informations comprennent :<\/p>\n<ul>\n<li>The type and version of browser used<\/li>\n<li>The used operating system<\/li>\n<li>Referrer URL<\/li>\n<li>The hostname of the accessing computer<\/li>\n<li>The time of the server inquiry<\/li>\n<li>The IP address<\/li>\n<\/ul>\n<p>Ces donn\u00e9es ne sont pas fusionn\u00e9es avec d&rsquo;autres sources de donn\u00e9es.<\/p>\n<p>Ces donn\u00e9es sont enregistr\u00e9es sur la base de l&rsquo;art. 6(1)(f) du RGPD. L&rsquo;exploitant du site Web a un int\u00e9r\u00eat l\u00e9gitime \u00e0 ce que la repr\u00e9sentation technique sans erreur et l&rsquo;optimisation du site Web de l&rsquo;exploitant soient optimis\u00e9es. Pour ce faire, les fichiers journaux du serveur doivent \u00eatre enregistr\u00e9s.<\/p>\n<h3>Formulaire de contact<\/h3>\n<p>Si vous nous soumettez des demandes via notre formulaire de contact, les informations fournies dans le formulaire de contact ainsi que toutes les informations de contact qui y sont fournies seront stock\u00e9es par nous afin de traiter votre demande et dans le cas o\u00f9 nous avons d&rsquo;autres questions. Nous ne partagerons pas ces informations sans votre consentement.<\/p>\n<p>Le traitement de ces donn\u00e9es est bas\u00e9 sur l&rsquo;art. 6(1)(b) GDPR, si votre demande est li\u00e9e \u00e0 l&rsquo;ex\u00e9cution d&rsquo;un contrat ou s&rsquo;il est n\u00e9cessaire d&rsquo;effectuer des mesures pr\u00e9contractuelles. Dans tous les autres cas, le traitement est bas\u00e9 sur notre int\u00e9r\u00eat l\u00e9gitime au traitement efficace des demandes qui nous sont adress\u00e9es (art. 6 (1) (f) GDPR) ou sur votre accord (art. 6 (1) (a) GDPR) si cela a \u00e9t\u00e9 demand\u00e9.<\/p>\n<p>Les informations que vous avez saisies dans le formulaire de contact resteront en notre possession jusqu&rsquo;\u00e0 ce que vous nous demandiez d&rsquo;effacer les donn\u00e9es, de r\u00e9voquer votre consentement \u00e0 l&rsquo;archivage des donn\u00e9es ou si la finalit\u00e9 pour laquelle les informations sont archiv\u00e9es n&rsquo;existe plus (par exemple, apr\u00e8s que nous ayons conclu notre r\u00e9ponse \u00e0 votre demande). Ceci est sans pr\u00e9judice des dispositions l\u00e9gales imp\u00e9ratives, notamment des d\u00e9lais de conservation.<\/p>\n<h2>5. Analysis tools and advertising<\/h2>\n<h4><\/h4>\n<h4>Anonymisation IP<\/h4>\n<p>Nous utilisons WP Statistics avec une IP anonymis\u00e9e. Votre adresse IP est raccourcie afin qu&rsquo;elle ne puisse plus vous \u00eatre directement attribu\u00e9e.<\/p>\n","protected":false},"excerpt":{"rendered":"<p>Protection des donn\u00e9es 1. Un aper\u00e7u de la protection des donn\u00e9es Informations g\u00e9n\u00e9rales Les informations suivantes vous fourniront un aper\u00e7u facile \u00e0 parcourir de ce qu&rsquo;il adviendra de vos donn\u00e9es personnelles lorsque vous visitez ce site Web. Le terme \u00ab\u00a0donn\u00e9es personnelles\u00a0\u00bb comprend toutes les donn\u00e9es qui peuvent \u00eatre utilis\u00e9es pour vous identifier personnellement. Pour des&#8230;<\/p>\n","protected":false},"author":1,"featured_media":0,"parent":0,"menu_order":0,"comment_status":"closed","ping_status":"closed","template":"","meta":[],"acf":[],"yoast_head":"<!-- This site is optimized with the Yoast SEO plugin v19.3 - https:\/\/yoast.com\/wordpress\/plugins\/seo\/ -->\n<title>Protection des donn\u00e9es - sunextrusion<\/title>\n<meta name=\"robots\" content=\"index, follow, max-snippet:-1, max-image-preview:large, max-video-preview:-1\" \/>\n<link rel=\"canonical\" href=\"https:\/\/www.sunextrusion.de\/fr\/protection-des-donnees\/\" \/>\n<meta property=\"og:locale\" content=\"fr_FR\" \/>\n<meta property=\"og:type\" content=\"article\" \/>\n<meta property=\"og:title\" content=\"Protection des donn\u00e9es - sunextrusion\" \/>\n<meta property=\"og:description\" content=\"Protection des donn\u00e9es 1. Un aper\u00e7u de la protection des donn\u00e9es Informations g\u00e9n\u00e9rales Les informations suivantes vous fourniront un aper\u00e7u facile \u00e0 parcourir de ce qu&rsquo;il adviendra de vos donn\u00e9es personnelles lorsque vous visitez ce site Web. Le terme \u00ab\u00a0donn\u00e9es personnelles\u00a0\u00bb comprend toutes les donn\u00e9es qui peuvent \u00eatre utilis\u00e9es pour vous identifier personnellement. Pour des...\" \/>\n<meta property=\"og:url\" content=\"https:\/\/www.sunextrusion.de\/fr\/protection-des-donnees\/\" \/>\n<meta property=\"og:site_name\" content=\"sunextrusion\" \/>\n<meta property=\"article:modified_time\" content=\"2021-12-15T11:31:01+00:00\" \/>\n<meta name=\"twitter:card\" content=\"summary_large_image\" \/>\n<meta name=\"twitter:label1\" content=\"Dur\u00e9e de lecture estim\u00e9e\" \/>\n\t<meta name=\"twitter:data1\" content=\"11 minutes\" \/>\n<script type=\"application\/ld+json\" class=\"yoast-schema-graph\">{\"@context\":\"https:\/\/schema.org\",\"@graph\":[{\"@type\":\"WebSite\",\"@id\":\"https:\/\/www.sunextrusion.de\/#website\",\"url\":\"https:\/\/www.sunextrusion.de\/\",\"name\":\"sunextrusion\",\"description\":\"Ihr Spezialist f\u00fcr Kunststoffe\",\"potentialAction\":[{\"@type\":\"SearchAction\",\"target\":{\"@type\":\"EntryPoint\",\"urlTemplate\":\"https:\/\/www.sunextrusion.de\/?s={search_term_string}\"},\"query-input\":\"required name=search_term_string\"}],\"inLanguage\":\"fr-FR\"},{\"@type\":\"WebPage\",\"@id\":\"https:\/\/www.sunextrusion.de\/fr\/protection-des-donnees\/\",\"url\":\"https:\/\/www.sunextrusion.de\/fr\/protection-des-donnees\/\",\"name\":\"Protection des donn\u00e9es - sunextrusion\",\"isPartOf\":{\"@id\":\"https:\/\/www.sunextrusion.de\/#website\"},\"datePublished\":\"2021-12-15T11:27:15+00:00\",\"dateModified\":\"2021-12-15T11:31:01+00:00\",\"breadcrumb\":{\"@id\":\"https:\/\/www.sunextrusion.de\/fr\/protection-des-donnees\/#breadcrumb\"},\"inLanguage\":\"fr-FR\",\"potentialAction\":[{\"@type\":\"ReadAction\",\"target\":[\"https:\/\/www.sunextrusion.de\/fr\/protection-des-donnees\/\"]}]},{\"@type\":\"BreadcrumbList\",\"@id\":\"https:\/\/www.sunextrusion.de\/fr\/protection-des-donnees\/#breadcrumb\",\"itemListElement\":[{\"@type\":\"ListItem\",\"position\":1,\"name\":\"Startseite\",\"item\":\"https:\/\/www.sunextrusion.de\/fr\/\"},{\"@type\":\"ListItem\",\"position\":2,\"name\":\"Protection des donn\u00e9es\"}]}]}<\/script>\n<!-- \/ Yoast SEO plugin. -->","yoast_head_json":{"title":"Protection des donn\u00e9es - sunextrusion","robots":{"index":"index","follow":"follow","max-snippet":"max-snippet:-1","max-image-preview":"max-image-preview:large","max-video-preview":"max-video-preview:-1"},"canonical":"https:\/\/www.sunextrusion.de\/fr\/protection-des-donnees\/","og_locale":"fr_FR","og_type":"article","og_title":"Protection des donn\u00e9es - sunextrusion","og_description":"Protection des donn\u00e9es 1. Un aper\u00e7u de la protection des donn\u00e9es Informations g\u00e9n\u00e9rales Les informations suivantes vous fourniront un aper\u00e7u facile \u00e0 parcourir de ce qu&rsquo;il adviendra de vos donn\u00e9es personnelles lorsque vous visitez ce site Web. Le terme \u00ab\u00a0donn\u00e9es personnelles\u00a0\u00bb comprend toutes les donn\u00e9es qui peuvent \u00eatre utilis\u00e9es pour vous identifier personnellement. Pour des...","og_url":"https:\/\/www.sunextrusion.de\/fr\/protection-des-donnees\/","og_site_name":"sunextrusion","article_modified_time":"2021-12-15T11:31:01+00:00","twitter_card":"summary_large_image","twitter_misc":{"Dur\u00e9e de lecture estim\u00e9e":"11 minutes"},"schema":{"@context":"https:\/\/schema.org","@graph":[{"@type":"WebSite","@id":"https:\/\/www.sunextrusion.de\/#website","url":"https:\/\/www.sunextrusion.de\/","name":"sunextrusion","description":"Ihr Spezialist f\u00fcr Kunststoffe","potentialAction":[{"@type":"SearchAction","target":{"@type":"EntryPoint","urlTemplate":"https:\/\/www.sunextrusion.de\/?s={search_term_string}"},"query-input":"required name=search_term_string"}],"inLanguage":"fr-FR"},{"@type":"WebPage","@id":"https:\/\/www.sunextrusion.de\/fr\/protection-des-donnees\/","url":"https:\/\/www.sunextrusion.de\/fr\/protection-des-donnees\/","name":"Protection des donn\u00e9es - sunextrusion","isPartOf":{"@id":"https:\/\/www.sunextrusion.de\/#website"},"datePublished":"2021-12-15T11:27:15+00:00","dateModified":"2021-12-15T11:31:01+00:00","breadcrumb":{"@id":"https:\/\/www.sunextrusion.de\/fr\/protection-des-donnees\/#breadcrumb"},"inLanguage":"fr-FR","potentialAction":[{"@type":"ReadAction","target":["https:\/\/www.sunextrusion.de\/fr\/protection-des-donnees\/"]}]},{"@type":"BreadcrumbList","@id":"https:\/\/www.sunextrusion.de\/fr\/protection-des-donnees\/#breadcrumb","itemListElement":[{"@type":"ListItem","position":1,"name":"Startseite","item":"https:\/\/www.sunextrusion.de\/fr\/"},{"@type":"ListItem","position":2,"name":"Protection des donn\u00e9es"}]}]}},"_links":{"self":[{"href":"https:\/\/www.sunextrusion.de\/fr\/wp-json\/wp\/v2\/pages\/4785"}],"collection":[{"href":"https:\/\/www.sunextrusion.de\/fr\/wp-json\/wp\/v2\/pages"}],"about":[{"href":"https:\/\/www.sunextrusion.de\/fr\/wp-json\/wp\/v2\/types\/page"}],"author":[{"embeddable":true,"href":"https:\/\/www.sunextrusion.de\/fr\/wp-json\/wp\/v2\/users\/1"}],"replies":[{"embeddable":true,"href":"https:\/\/www.sunextrusion.de\/fr\/wp-json\/wp\/v2\/comments?post=4785"}],"version-history":[{"count":3,"href":"https:\/\/www.sunextrusion.de\/fr\/wp-json\/wp\/v2\/pages\/4785\/revisions"}],"predecessor-version":[{"id":4788,"href":"https:\/\/www.sunextrusion.de\/fr\/wp-json\/wp\/v2\/pages\/4785\/revisions\/4788"}],"wp:attachment":[{"href":"https:\/\/www.sunextrusion.de\/fr\/wp-json\/wp\/v2\/media?parent=4785"}],"curies":[{"name":"wp","href":"https:\/\/api.w.org\/{rel}","templated":true}]}}