{"id":4678,"date":"2021-12-13T16:43:28","date_gmt":"2021-12-13T15:43:28","guid":{"rendered":"https:\/\/www.sunextrusion.de\/impressum\/"},"modified":"2021-12-15T12:40:18","modified_gmt":"2021-12-15T11:40:18","slug":"impressum","status":"publish","type":"page","link":"https:\/\/www.sunextrusion.de\/fr\/impressum\/","title":{"rendered":"Mentions l\u00e9gales"},"content":{"rendered":"<h2>Selon \u00a7 5 TMG :<\/h2>\n<p>sunextrusion GmbH<br \/>\nWarschauer Str. 22<br \/>\nD-48455 Bad Bentheim<\/p>\n<p>T\u00e9l\u00e9phoner : 00 49 (0) 59 24 \/ 900 70 00<br \/>\nFax : 00 49 (0) 59 24 \/ 900 70 99<\/p>\n<p>email : info[at]sunextrusion.de<br \/>\nl&rsquo;Internet : www.sunextrusion.de<\/p>\n<p>HRB Amtsgericht Osnabr\u00fcck 211 993<br \/>\nGesch\u00e4ftsf\u00fchrer: Ulf Sander und Gebhard Scheibner<\/p>\n<h2>UMSATZSTEUER:<\/h2>\n<p>Umsatzsteuer-Identifikationsnummer gem\u00e4\u00df \u00a727 a Umsatzsteuergesetz:<br \/>\nDE 314 144 060<\/p>\n<h2>R\u00e8glement des diff\u00e9rends<\/h2>\n<p>La Commission europ\u00e9enne fournit une plate-forme pour le r\u00e8glement des litiges en ligne (OS): <a href=\"https:\/\/ec.europa.eu\/consumers\/odr\" target=\"_blank\" rel=\"noopener noreferrer\">https:\/\/ec.europa.eu\/consumers\/odr<\/a>.<br \/>\nVous pouvez trouver notre adresse e-mail dans les mentions l\u00e9gales ci-dessus.<\/p>\n<p>Nous ne sommes ni dispos\u00e9s ni oblig\u00e9s de participer \u00e0 une proc\u00e9dure de r\u00e8glement des diff\u00e9rends devant un conseil d&rsquo;arbitrage des consommateurs.<\/p>\n<h3>Responsabilit\u00e9 pour le contenu<\/h3>\n<p>En tant que prestataire de services, nous sommes conform\u00e9ment \u00e0 l&rsquo;article 7 (1) TMG est responsable de son propre contenu sur ces pages conform\u00e9ment au droit g\u00e9n\u00e9ral. Conform\u00e9ment aux \u00a7\u00a7 8 \u00e0 10 TMG, en tant que fournisseur de services, nous ne sommes pas oblig\u00e9s de surveiller les informations de tiers transmises ou stock\u00e9es ou d&rsquo;enqu\u00eater sur les circonstances indiquant une activit\u00e9 ill\u00e9gale.<\/p>\n<p>Les obligations de supprimer ou de bloquer l&rsquo;utilisation des informations conform\u00e9ment aux lois g\u00e9n\u00e9rales restent inchang\u00e9es. Cependant, la responsabilit\u00e9 \u00e0 cet \u00e9gard n&rsquo;est possible qu&rsquo;\u00e0 partir du moment o\u00f9 nous avons connaissance d&rsquo;une violation l\u00e9gale sp\u00e9cifique. D\u00e8s que nous aurons connaissance de telles violations l\u00e9gales, nous supprimerons ce contenu imm\u00e9diatement.<\/p>\n<h3>Responsabilit\u00e9 pour les liens<\/h3>\n<p>Notre offre contient des liens vers des sites Web externes de tiers, sur le contenu desquels nous n&rsquo;avons aucune influence. Nous ne pouvons donc accepter aucune responsabilit\u00e9 pour ce contenu de tiers. Le fournisseur ou l&rsquo;exploitant respectif des pages est toujours responsable du contenu des pages li\u00e9es. Les pages li\u00e9es ont \u00e9t\u00e9 v\u00e9rifi\u00e9es pour d&rsquo;\u00e9ventuelles violations de la loi au moment o\u00f9 elles ont \u00e9t\u00e9 li\u00e9es. Aucun contenu ill\u00e9gal n&rsquo;a \u00e9t\u00e9 trouv\u00e9 au moment de la cr\u00e9ation du lien.<\/p>\n<p>Cependant, une surveillance permanente du contenu des pages li\u00e9es est d\u00e9raisonnable sans preuve concr\u00e8te d&rsquo;une violation de la loi. D\u00e8s que nous aurons connaissance de violations de la loi, nous supprimerons imm\u00e9diatement ces liens.<\/p>\n<h3>droits d&rsquo;auteur<\/h3>\n<p>Le contenu et les \u0153uvres de ces pages cr\u00e9\u00e9es par l&rsquo;exploitant du site Web sont soumis \u00e0 la loi allemande sur le droit d&rsquo;auteur. La duplication, le traitement, la distribution et tout type d&rsquo;exploitation en dehors des limites du droit d&rsquo;auteur n\u00e9cessitent le consentement \u00e9crit de l&rsquo;auteur ou du cr\u00e9ateur respectif. Les t\u00e9l\u00e9chargements et les copies de ce site Web ne sont autoris\u00e9s que pour un usage priv\u00e9 et non commercial.<\/p>\n<p>Dans la mesure o\u00f9 le contenu de ce site n&rsquo;a pas \u00e9t\u00e9 cr\u00e9\u00e9 par l&rsquo;exploitant, les droits d&rsquo;auteur de tiers sont respect\u00e9s. En particulier, les contenus de tiers sont marqu\u00e9s comme tels. Si vous deviez n\u00e9anmoins prendre connaissance d&rsquo;une violation du droit d&rsquo;auteur, nous vous demandons de nous en informer en cons\u00e9quence. D\u00e8s que nous aurons connaissance de violations de la loi, nous supprimerons imm\u00e9diatement ce contenu.<\/p>\n","protected":false},"excerpt":{"rendered":"<p>Selon \u00a7 5 TMG : sunextrusion GmbH Warschauer Str. 22 D-48455 Bad Bentheim T\u00e9l\u00e9phoner : 00 49 (0) 59 24 \/ 900 70 00 Fax : 00 49 (0) 59 24 \/ 900 70 99 email : info[at]sunextrusion.de l&rsquo;Internet : www.sunextrusion.de HRB Amtsgericht Osnabr\u00fcck 211 993 Gesch\u00e4ftsf\u00fchrer: Ulf Sander und Gebhard Scheibner UMSATZSTEUER: Umsatzsteuer-Identifikationsnummer gem\u00e4\u00df&#8230;<\/p>\n","protected":false},"author":1,"featured_media":0,"parent":0,"menu_order":0,"comment_status":"closed","ping_status":"closed","template":"","meta":[],"acf":[],"yoast_head":"<!-- This site is optimized with the Yoast SEO plugin v19.3 - https:\/\/yoast.com\/wordpress\/plugins\/seo\/ -->\n<title>Mentions l\u00e9gales - sunextrusion<\/title>\n<meta name=\"robots\" content=\"index, follow, max-snippet:-1, max-image-preview:large, max-video-preview:-1\" \/>\n<link rel=\"canonical\" href=\"https:\/\/www.sunextrusion.de\/fr\/impressum\/\" \/>\n<meta property=\"og:locale\" content=\"fr_FR\" \/>\n<meta property=\"og:type\" content=\"article\" \/>\n<meta property=\"og:title\" content=\"Mentions l\u00e9gales - sunextrusion\" \/>\n<meta property=\"og:description\" content=\"Selon \u00a7 5 TMG : sunextrusion GmbH Warschauer Str. 22 D-48455 Bad Bentheim T\u00e9l\u00e9phoner : 00 49 (0) 59 24 \/ 900 70 00 Fax : 00 49 (0) 59 24 \/ 900 70 99 email : info[at]sunextrusion.de l&rsquo;Internet : www.sunextrusion.de HRB Amtsgericht Osnabr\u00fcck 211 993 Gesch\u00e4ftsf\u00fchrer: Ulf Sander und Gebhard Scheibner UMSATZSTEUER: Umsatzsteuer-Identifikationsnummer gem\u00e4\u00df...\" \/>\n<meta property=\"og:url\" content=\"https:\/\/www.sunextrusion.de\/fr\/impressum\/\" \/>\n<meta property=\"og:site_name\" content=\"sunextrusion\" \/>\n<meta property=\"article:modified_time\" content=\"2021-12-15T11:40:18+00:00\" \/>\n<meta name=\"twitter:card\" content=\"summary_large_image\" \/>\n<meta name=\"twitter:label1\" content=\"Dur\u00e9e de lecture estim\u00e9e\" \/>\n\t<meta name=\"twitter:data1\" content=\"3 minutes\" \/>\n<script type=\"application\/ld+json\" class=\"yoast-schema-graph\">{\"@context\":\"https:\/\/schema.org\",\"@graph\":[{\"@type\":\"WebSite\",\"@id\":\"https:\/\/www.sunextrusion.de\/#website\",\"url\":\"https:\/\/www.sunextrusion.de\/\",\"name\":\"sunextrusion\",\"description\":\"Ihr Spezialist f\u00fcr Kunststoffe\",\"potentialAction\":[{\"@type\":\"SearchAction\",\"target\":{\"@type\":\"EntryPoint\",\"urlTemplate\":\"https:\/\/www.sunextrusion.de\/?s={search_term_string}\"},\"query-input\":\"required name=search_term_string\"}],\"inLanguage\":\"fr-FR\"},{\"@type\":\"WebPage\",\"@id\":\"https:\/\/www.sunextrusion.de\/fr\/impressum\/\",\"url\":\"https:\/\/www.sunextrusion.de\/fr\/impressum\/\",\"name\":\"Mentions l\u00e9gales - sunextrusion\",\"isPartOf\":{\"@id\":\"https:\/\/www.sunextrusion.de\/#website\"},\"datePublished\":\"2021-12-13T15:43:28+00:00\",\"dateModified\":\"2021-12-15T11:40:18+00:00\",\"breadcrumb\":{\"@id\":\"https:\/\/www.sunextrusion.de\/fr\/impressum\/#breadcrumb\"},\"inLanguage\":\"fr-FR\",\"potentialAction\":[{\"@type\":\"ReadAction\",\"target\":[\"https:\/\/www.sunextrusion.de\/fr\/impressum\/\"]}]},{\"@type\":\"BreadcrumbList\",\"@id\":\"https:\/\/www.sunextrusion.de\/fr\/impressum\/#breadcrumb\",\"itemListElement\":[{\"@type\":\"ListItem\",\"position\":1,\"name\":\"Startseite\",\"item\":\"https:\/\/www.sunextrusion.de\/fr\/\"},{\"@type\":\"ListItem\",\"position\":2,\"name\":\"Mentions l\u00e9gales\"}]}]}<\/script>\n<!-- \/ Yoast SEO plugin. -->","yoast_head_json":{"title":"Mentions l\u00e9gales - sunextrusion","robots":{"index":"index","follow":"follow","max-snippet":"max-snippet:-1","max-image-preview":"max-image-preview:large","max-video-preview":"max-video-preview:-1"},"canonical":"https:\/\/www.sunextrusion.de\/fr\/impressum\/","og_locale":"fr_FR","og_type":"article","og_title":"Mentions l\u00e9gales - sunextrusion","og_description":"Selon \u00a7 5 TMG : sunextrusion GmbH Warschauer Str. 22 D-48455 Bad Bentheim T\u00e9l\u00e9phoner : 00 49 (0) 59 24 \/ 900 70 00 Fax : 00 49 (0) 59 24 \/ 900 70 99 email : info[at]sunextrusion.de l&rsquo;Internet : www.sunextrusion.de HRB Amtsgericht Osnabr\u00fcck 211 993 Gesch\u00e4ftsf\u00fchrer: Ulf Sander und Gebhard Scheibner UMSATZSTEUER: Umsatzsteuer-Identifikationsnummer gem\u00e4\u00df...","og_url":"https:\/\/www.sunextrusion.de\/fr\/impressum\/","og_site_name":"sunextrusion","article_modified_time":"2021-12-15T11:40:18+00:00","twitter_card":"summary_large_image","twitter_misc":{"Dur\u00e9e de lecture estim\u00e9e":"3 minutes"},"schema":{"@context":"https:\/\/schema.org","@graph":[{"@type":"WebSite","@id":"https:\/\/www.sunextrusion.de\/#website","url":"https:\/\/www.sunextrusion.de\/","name":"sunextrusion","description":"Ihr Spezialist f\u00fcr Kunststoffe","potentialAction":[{"@type":"SearchAction","target":{"@type":"EntryPoint","urlTemplate":"https:\/\/www.sunextrusion.de\/?s={search_term_string}"},"query-input":"required name=search_term_string"}],"inLanguage":"fr-FR"},{"@type":"WebPage","@id":"https:\/\/www.sunextrusion.de\/fr\/impressum\/","url":"https:\/\/www.sunextrusion.de\/fr\/impressum\/","name":"Mentions l\u00e9gales - sunextrusion","isPartOf":{"@id":"https:\/\/www.sunextrusion.de\/#website"},"datePublished":"2021-12-13T15:43:28+00:00","dateModified":"2021-12-15T11:40:18+00:00","breadcrumb":{"@id":"https:\/\/www.sunextrusion.de\/fr\/impressum\/#breadcrumb"},"inLanguage":"fr-FR","potentialAction":[{"@type":"ReadAction","target":["https:\/\/www.sunextrusion.de\/fr\/impressum\/"]}]},{"@type":"BreadcrumbList","@id":"https:\/\/www.sunextrusion.de\/fr\/impressum\/#breadcrumb","itemListElement":[{"@type":"ListItem","position":1,"name":"Startseite","item":"https:\/\/www.sunextrusion.de\/fr\/"},{"@type":"ListItem","position":2,"name":"Mentions l\u00e9gales"}]}]}},"_links":{"self":[{"href":"https:\/\/www.sunextrusion.de\/fr\/wp-json\/wp\/v2\/pages\/4678"}],"collection":[{"href":"https:\/\/www.sunextrusion.de\/fr\/wp-json\/wp\/v2\/pages"}],"about":[{"href":"https:\/\/www.sunextrusion.de\/fr\/wp-json\/wp\/v2\/types\/page"}],"author":[{"embeddable":true,"href":"https:\/\/www.sunextrusion.de\/fr\/wp-json\/wp\/v2\/users\/1"}],"replies":[{"embeddable":true,"href":"https:\/\/www.sunextrusion.de\/fr\/wp-json\/wp\/v2\/comments?post=4678"}],"version-history":[{"count":2,"href":"https:\/\/www.sunextrusion.de\/fr\/wp-json\/wp\/v2\/pages\/4678\/revisions"}],"predecessor-version":[{"id":4790,"href":"https:\/\/www.sunextrusion.de\/fr\/wp-json\/wp\/v2\/pages\/4678\/revisions\/4790"}],"wp:attachment":[{"href":"https:\/\/www.sunextrusion.de\/fr\/wp-json\/wp\/v2\/media?parent=4678"}],"curies":[{"name":"wp","href":"https:\/\/api.w.org\/{rel}","templated":true}]}}