{"id":4660,"date":"2021-12-13T16:14:43","date_gmt":"2021-12-13T15:14:43","guid":{"rendered":"https:\/\/www.sunextrusion.de\/produits\/"},"modified":"2021-12-13T16:14:45","modified_gmt":"2021-12-13T15:14:45","slug":"produits","status":"publish","type":"page","link":"https:\/\/www.sunextrusion.de\/fr\/produits\/","title":{"rendered":"Produits"},"content":{"rendered":"<section class=\"l-section wpb_row height_huge color_primary with_img\"><div class=\"l-section-img\" role=\"img\" data-img-width=\"1400\" data-img-height=\"933\" style=\"background-image: url(https:\/\/www.sunextrusion.de\/wp-content\/uploads\/2020\/07\/DSF7888.jpg);background-position: bottom center;\"><\/div><div class=\"l-section-overlay\" style=\"background:rgba(34,34,34,0.20)\"><\/div><div class=\"l-section-h i-cf\"><div class=\"g-cols vc_row via_flex valign_top type_default stacking_default\"><div class=\"vc_col-sm-12 wpb_column vc_column_container\"><div class=\"vc_column-inner\"><div class=\"wpb_wrapper\"><div class=\"wpb_text_column\"><div class=\"wpb_wrapper\"><h1 style=\"text-align: center;\">Nos produits<\/h1>\n<\/div><\/div><\/div><\/div><\/div><\/div><\/div><\/section><section class=\"l-section wpb_row height_medium\"><div class=\"l-section-overlay\" style=\"background:#f6f6f6\"><\/div><div class=\"l-section-h i-cf\"><div class=\"g-cols vc_row via_flex valign_top type_default stacking_default\"><div class=\"vc_col-sm-12 wpb_column vc_column_container\"><div class=\"vc_column-inner\"><div class=\"wpb_wrapper\"><div class=\"wpb_text_column\"><div class=\"wpb_wrapper\"><h2 style=\"text-align: center;\">Aper\u00e7u des produits<\/h2>\n<\/div><\/div><div class=\"w-separator size_medium\"><\/div><div class=\"w-grid type_grid layout_3999 cols_5 ratio_2x3\" id=\"us_grid_1\" style=\"--gap:0.5rem;\"><style>@media (max-width:1280px){#us_grid_1 .w-grid-item{width:33.3333%}#us_grid_1 .w-grid-item.size_2x1,#us_grid_1 .w-grid-item.size_2x2{width:66.6667%}}@media (max-width:1024px){#us_grid_1 .w-grid-item{width:50%}#us_grid_1 .w-grid-item.size_2x1,#us_grid_1 .w-grid-item.size_2x2{width:100%}}@media (max-width:600px){#us_grid_1 .w-grid-list{margin:0}#us_grid_1 .w-grid-item{width:100%;padding:0;margin-bottom:var(--gap,0px)}}.layout_3999 .w-grid-item-h:before{padding-bottom:150%}@media (min-width:601px){.layout_3999 .w-grid-item.size_1x2 .w-grid-item-h:before{padding-bottom:calc(300% + var(--gap,0px) * 2)}.layout_3999 .w-grid-item.size_2x1 .w-grid-item-h:before{padding-bottom:calc(75% - var(--gap,0px) * 1.5)}.layout_3999 .w-grid-item.size_2x2 .w-grid-item-h:before{padding-bottom:calc(150% - var(--gap,0px) * 1)}}.layout_3999 .w-grid-item-h{background:#ffffff;color:#1a1a1a;border-radius:0.2rem;box-shadow:0 0.02rem 0.04rem rgba(0,0,0,0.1),0 0.07rem 0.2rem rgba(0,0,0,0.1);transition-duration:0.3s}.no-touch .layout_3999 .w-grid-item-h:hover{box-shadow:0 0.04rem 0.08rem rgba(0,0,0,0.1),0 0.13rem 0.4rem rgba(0,0,0,0.15);z-index:4}.layout_3999 .usg_vwrapper_1{transition-duration:0.4s;transform-origin:50% 50%;transform:scale(0.95) translate(0%,0%)}.layout_3999 .w-grid-item-h:hover .usg_vwrapper_1{transform:scale(1) translate(0%,0%);opacity:1;background:#faca30!important}.layout_3999 .usg_post_title_1{transition-duration:0.4s;transform-origin:50% 50%;transform:scale(1) translate(0%,2.7rem);opacity:0.7}.layout_3999 .w-grid-item-h:hover .usg_post_title_1{transform:scale(1) translate(0%,2.40rem);opacity:0.9;color:#ffffff!important}.layout_3999 .usg_vwrapper_2{transition-duration:0.3s;transform-origin:50% 50%;transform:scale(1) translate(0%,0%)}.layout_3999 .w-grid-item-h:hover .usg_vwrapper_2{transform:scale(1) translate(0%,0%);opacity:1}.layout_3999 .usg_post_custom_field_1{transition-duration:0.6s;transform-origin:50% 50%;transform:scale(0.9) translate(0%,1.7rem);opacity:0.5}.layout_3999 .w-grid-item-h:hover .usg_post_custom_field_1{transform:scale(1) translate(0%,1.7rem);opacity:0.85}.layout_3999 .usg_post_custom_field_2{transition-duration:0.4s;transform-origin:50% 50%;transform:scale(0.9) translate(0%,1.7rem);opacity:0.85}.layout_3999 .w-grid-item-h:hover .usg_post_custom_field_2{transform:scale(1) translate(0%,1.7rem);opacity:1;color:#f6f6f6!important}.layout_3999 .usg_vwrapper_1{position:absolute!important;left:0!important;top:0!important;bottom:0!important;right:0!important;padding:2rem!important}.layout_3999 .usg_post_title_1{color:#1a1a1a!important;font-weight:700!important;font-size:1rem!important;letter-spacing:-0.01em!important}.layout_3999 .usg_vwrapper_2{position:absolute!important;left:0!important;top:0!important;bottom:0!important;right:0!important;z-index:-1!important}.layout_3999 .usg_post_custom_field_1{text-align:center!important;width:4rem!important;height:4rem!important}.layout_3999 .usg_post_custom_field_2{color:#faca30!important;text-align:center!important;font-size:4rem!important;width:4rem!important;height:4rem!important}<\/style><div class=\"w-grid-list\">\t<article class=\"w-grid-item size_1x1 post-4733 page type-page status-publish hentry\" data-id=\"4733\">\r\n\t\t<div class=\"w-grid-item-h\">\r\n\t\t\t\t\t\t\t<a href=\"https:\/\/www.sunextrusion.de\/fr\/produits\/sun-ps\/\" class=\"w-grid-item-anchor\" aria-label=\"SUN PS\"><\/a>\r\n\t\t\t\t\t\t<div class=\"w-vwrapper usg_vwrapper_1 align_center valign_top\"><div class=\"w-post-elm post_custom_field usg_post_custom_field_2 has_text_color type_icon us_tile_icon color_link_inherit has_height\"><i class=\"fas fa-house\"><\/i><\/div><h2 class=\"w-post-elm post_title usg_post_title_1 has_text_color align_center entry-title color_link_inherit\">SUN PS<\/h2><\/div><div class=\"w-vwrapper usg_vwrapper_2 align_left valign_bottom\"><\/div>\t\t<\/div>\r\n\t\t\t<\/article>\r\n\t<article class=\"w-grid-item size_1x1 post-4730 page type-page status-publish hentry\" data-id=\"4730\">\r\n\t\t<div class=\"w-grid-item-h\">\r\n\t\t\t\t\t\t\t<a href=\"https:\/\/www.sunextrusion.de\/fr\/produits\/sun-ps-el\/\" class=\"w-grid-item-anchor\" aria-label=\"SUN PS EL\"><\/a>\r\n\t\t\t\t\t\t<div class=\"w-vwrapper usg_vwrapper_1 align_center valign_top\"><div class=\"w-post-elm post_custom_field usg_post_custom_field_2 has_text_color type_icon us_tile_icon color_link_inherit has_height\"><i class=\"fas fa-bolt\"><\/i><\/div><h2 class=\"w-post-elm post_title usg_post_title_1 has_text_color align_center entry-title color_link_inherit\">SUN PS EL<\/h2><\/div><div class=\"w-vwrapper usg_vwrapper_2 align_left valign_bottom\"><\/div>\t\t<\/div>\r\n\t\t\t<\/article>\r\n\t<article class=\"w-grid-item size_1x1 post-4704 page type-page status-publish hentry\" data-id=\"4704\">\r\n\t\t<div class=\"w-grid-item-h\">\r\n\t\t\t\t\t\t\t<a href=\"https:\/\/www.sunextrusion.de\/fr\/produits\/sun-abs\/\" class=\"w-grid-item-anchor\" aria-label=\"SUN ABS\"><\/a>\r\n\t\t\t\t\t\t<div class=\"w-vwrapper usg_vwrapper_1 align_center valign_top\"><div class=\"w-post-elm post_custom_field usg_post_custom_field_2 has_text_color type_icon us_tile_icon color_link_inherit has_height\"><i class=\"fas fa-truck\"><\/i><\/div><h2 class=\"w-post-elm post_title usg_post_title_1 has_text_color align_center entry-title color_link_inherit\">SUN ABS<\/h2><\/div><div class=\"w-vwrapper usg_vwrapper_2 align_left valign_bottom\"><\/div>\t\t<\/div>\r\n\t\t\t<\/article>\r\n\t<article class=\"w-grid-item size_1x1 post-4692 page type-page status-publish hentry\" data-id=\"4692\">\r\n\t\t<div class=\"w-grid-item-h\">\r\n\t\t\t\t\t\t\t<a href=\"https:\/\/www.sunextrusion.de\/fr\/produits\/sun-abs-el\/\" class=\"w-grid-item-anchor\" aria-label=\"SUN ABS EL\"><\/a>\r\n\t\t\t\t\t\t<div class=\"w-vwrapper usg_vwrapper_1 align_center valign_top\"><div class=\"w-post-elm post_custom_field usg_post_custom_field_2 has_text_color type_icon us_tile_icon color_link_inherit has_height\"><i class=\"fas fa-charging-station\"><\/i><\/div><h2 class=\"w-post-elm post_title usg_post_title_1 has_text_color align_center entry-title color_link_inherit\">SUN ABS EL<\/h2><\/div><div class=\"w-vwrapper usg_vwrapper_2 align_left valign_bottom\"><\/div>\t\t<\/div>\r\n\t\t\t<\/article>\r\n\t<article class=\"w-grid-item size_1x1 post-4698 page type-page status-publish hentry\" data-id=\"4698\">\r\n\t\t<div class=\"w-grid-item-h\">\r\n\t\t\t\t\t\t\t<a href=\"https:\/\/www.sunextrusion.de\/fr\/produits\/sun-abs-pmma\/\" class=\"w-grid-item-anchor\" aria-label=\"SUN ABS PMMA\"><\/a>\r\n\t\t\t\t\t\t<div class=\"w-vwrapper usg_vwrapper_1 align_center valign_top\"><div class=\"w-post-elm post_custom_field usg_post_custom_field_2 has_text_color type_icon us_tile_icon color_link_inherit has_height\"><i class=\"fas fa-car\"><\/i><\/div><h2 class=\"w-post-elm post_title usg_post_title_1 has_text_color align_center entry-title color_link_inherit\">SUN ABS PMMA<\/h2><\/div><div class=\"w-vwrapper usg_vwrapper_2 align_left valign_bottom\"><\/div>\t\t<\/div>\r\n\t\t\t<\/article>\r\n\t<article class=\"w-grid-item size_1x1 post-4711 page type-page status-publish hentry\" data-id=\"4711\">\r\n\t\t<div class=\"w-grid-item-h\">\r\n\t\t\t\t\t\t\t<a href=\"https:\/\/www.sunextrusion.de\/fr\/produits\/sun-asa\/\" class=\"w-grid-item-anchor\" aria-label=\"SUN ASA\"><\/a>\r\n\t\t\t\t\t\t<div class=\"w-vwrapper usg_vwrapper_1 align_center valign_top\"><div class=\"w-post-elm post_custom_field usg_post_custom_field_2 has_text_color type_icon us_tile_icon color_link_inherit has_height\"><i class=\"fas fa-tractor\"><\/i><\/div><h2 class=\"w-post-elm post_title usg_post_title_1 has_text_color align_center entry-title color_link_inherit\">SUN ASA<\/h2><\/div><div class=\"w-vwrapper usg_vwrapper_2 align_left valign_bottom\"><\/div>\t\t<\/div>\r\n\t\t\t<\/article>\r\n\t<article class=\"w-grid-item size_1x1 post-4751 page type-page status-publish hentry\" data-id=\"4751\">\r\n\t\t<div class=\"w-grid-item-h\">\r\n\t\t\t\t\t\t\t<a href=\"https:\/\/www.sunextrusion.de\/fr\/produits\/sun-tpe\/\" class=\"w-grid-item-anchor\" aria-label=\"SUN TPE\"><\/a>\r\n\t\t\t\t\t\t<div class=\"w-vwrapper usg_vwrapper_1 align_center valign_top\"><div class=\"w-post-elm post_custom_field usg_post_custom_field_2 has_text_color type_icon us_tile_icon color_link_inherit has_height\"><i class=\"fas fa-screwdriver\"><\/i><\/div><h2 class=\"w-post-elm post_title usg_post_title_1 has_text_color align_center entry-title color_link_inherit\">SUN TPE<\/h2><\/div><div class=\"w-vwrapper usg_vwrapper_2 align_left valign_bottom\"><\/div>\t\t<\/div>\r\n\t\t\t<\/article>\r\n\t<article class=\"w-grid-item size_1x1 post-4754 page type-page status-publish hentry\" data-id=\"4754\">\r\n\t\t<div class=\"w-grid-item-h\">\r\n\t\t\t\t\t\t\t<a href=\"https:\/\/www.sunextrusion.de\/fr\/produits\/sun-tpu-el\/\" class=\"w-grid-item-anchor\" aria-label=\"SUN TPU EL\"><\/a>\r\n\t\t\t\t\t\t<div class=\"w-vwrapper usg_vwrapper_1 align_center valign_top\"><div class=\"w-post-elm post_custom_field usg_post_custom_field_2 has_text_color type_icon us_tile_icon color_link_inherit has_height\"><i class=\"fas fa-thunderstorm\"><\/i><\/div><h2 class=\"w-post-elm post_title usg_post_title_1 has_text_color align_center entry-title color_link_inherit\">SUN TPU EL<\/h2><\/div><div class=\"w-vwrapper usg_vwrapper_2 align_left valign_bottom\"><\/div>\t\t<\/div>\r\n\t\t\t<\/article>\r\n\t<article class=\"w-grid-item size_1x1 post-4745 page type-page status-publish hentry\" data-id=\"4745\">\r\n\t\t<div class=\"w-grid-item-h\">\r\n\t\t\t\t\t\t\t<a href=\"https:\/\/www.sunextrusion.de\/fr\/produits\/sun-sunsol\/\" class=\"w-grid-item-anchor\" aria-label=\"SUN SunSol\"><\/a>\r\n\t\t\t\t\t\t<div class=\"w-vwrapper usg_vwrapper_1 align_center valign_top\"><div class=\"w-post-elm post_custom_field usg_post_custom_field_2 has_text_color type_icon us_tile_icon color_link_inherit has_height\"><i class=\"fas fa-hand-holding-seedling\"><\/i><\/div><h2 class=\"w-post-elm post_title usg_post_title_1 has_text_color align_center entry-title color_link_inherit\">SUN SunSol<\/h2><\/div><div class=\"w-vwrapper usg_vwrapper_2 align_left valign_bottom\"><\/div>\t\t<\/div>\r\n\t\t\t<\/article>\r\n\t<article class=\"w-grid-item size_1x1 post-4718 page type-page status-publish hentry\" data-id=\"4718\">\r\n\t\t<div class=\"w-grid-item-h\">\r\n\t\t\t\t\t\t\t<a href=\"https:\/\/www.sunextrusion.de\/fr\/produits\/sun-blends\/\" class=\"w-grid-item-anchor\" aria-label=\"SUN Blends\"><\/a>\r\n\t\t\t\t\t\t<div class=\"w-vwrapper usg_vwrapper_1 align_center valign_top\"><div class=\"w-post-elm post_custom_field usg_post_custom_field_2 has_text_color type_icon us_tile_icon color_link_inherit has_height\"><i class=\"fas fa-adjust\"><\/i><\/div><h2 class=\"w-post-elm post_title usg_post_title_1 has_text_color align_center entry-title color_link_inherit\">SUN Blends<\/h2><\/div><div class=\"w-vwrapper usg_vwrapper_2 align_left valign_bottom\"><\/div>\t\t<\/div>\r\n\t\t\t<\/article>\r\n<\/div><div class=\"w-grid-preloader\">\t<div class=\"g-preloader type_1\">\r\n\t\t<div><\/div>\r\n\t<\/div>\r\n\t<\/div>\t<div class=\"w-grid-json hidden\" onclick='return {&quot;action&quot;:&quot;us_ajax_grid&quot;,&quot;infinite_scroll&quot;:0,&quot;max_num_pages&quot;:1,&quot;pagination&quot;:&quot;none&quot;,&quot;template_vars&quot;:{&quot;columns&quot;:&quot;5&quot;,&quot;exclude_items&quot;:&quot;none&quot;,&quot;img_size&quot;:&quot;default&quot;,&quot;ignore_items_size&quot;:0,&quot;items_layout&quot;:&quot;3999&quot;,&quot;items_offset&quot;:&quot;1&quot;,&quot;load_animation&quot;:&quot;none&quot;,&quot;overriding_link&quot;:&quot;%7B%22type%22%3A%22post%22%7D&quot;,&quot;post_id&quot;:0,&quot;query_args&quot;:{&quot;ignore_sticky_posts&quot;:1,&quot;post_type&quot;:&quot;any&quot;,&quot;post__in&quot;:[&quot;3489&quot;,&quot;3508&quot;,&quot;3492&quot;,&quot;3494&quot;,&quot;3506&quot;,&quot;3539&quot;,&quot;3820&quot;,&quot;3822&quot;,&quot;3496&quot;,&quot;3541&quot;],&quot;posts_per_page&quot;:&quot;16&quot;},&quot;orderby_query_args&quot;:{&quot;orderby&quot;:{&quot;post__in&quot;:&quot;ASC&quot;},&quot;order&quot;:&quot;ASC&quot;},&quot;type&quot;:&quot;grid&quot;,&quot;us_grid_post_type&quot;:&quot;ids&quot;,&quot;us_grid_ajax_index&quot;:1,&quot;us_grid_filter_query_string&quot;:null,&quot;us_grid_index&quot;:1,&quot;page_args&quot;:[],&quot;lang&quot;:&quot;fr&quot;}}'><\/div>\r\n\t<\/div><div class=\"w-separator size_medium\"><\/div><div class=\"w-btn-wrapper align_center\"><a class=\"w-btn us-btn-style_1 icon_atleft\" href=\"https:\/\/www.sunextrusion.de\/produkte\/sun-sonderprodukte\/\"><i class=\"fas fa-sparkles\"><\/i><span class=\"w-btn-label\">Produits sp\u00e9ciaux SUN<\/span><\/a><\/div><\/div><\/div><\/div><\/div><\/div><\/section><section class=\"l-section wpb_row height_medium width_full\"><div class=\"l-section-h i-cf\"><div class=\"g-cols vc_row via_flex valign_top type_boxes stacking_default\"><div class=\"vc_col-sm-12 wpb_column vc_column_container\"><div class=\"vc_column-inner\"><div class=\"wpb_wrapper\"><div class=\"wpb_text_column\"><div class=\"wpb_wrapper\"><h2 style=\"text-align: center;\">Les surfaces SUN<\/h2>\n<\/div><\/div><div class=\"w-separator size_medium\"><\/div><div class=\"g-cols wpb_row via_flex valign_top type_default stacking_default\"><div class=\"vc_col-sm-1\/5 wpb_column vc_column_container\"><div class=\"vc_column-inner\"><div class=\"wpb_wrapper\"><div class=\"w-iconbox us_custom_465b4145 iconpos_top style_outlined color_primary align_center\"><div class=\"w-iconbox-icon\" style=\"font-size:2rem;\"><i class=\"fas fa-horizontal-rule\"><\/i><\/div><div class=\"w-iconbox-meta\"><h4 class=\"w-iconbox-title\">Lisse machine<\/h4><div class=\"w-iconbox-text\"><p style=\"text-align: center;\"><strong>Autoextinguible<\/strong><br \/>\n<strong>Bande de marquage<\/strong><\/p>\n<\/div><\/div><\/div><\/div><\/div><\/div><div class=\"vc_col-sm-1\/5 wpb_column vc_column_container\"><div class=\"vc_column-inner\"><div class=\"wpb_wrapper\"><div class=\"w-iconbox iconpos_top style_outlined color_primary align_center\"><div class=\"w-iconbox-icon\" style=\"font-size:2rem;\"><i class=\"fas fa-sparkles\"><\/i><\/div><div class=\"w-iconbox-meta\"><h4 class=\"w-iconbox-title\">Brillant<\/h4><div class=\"w-iconbox-text\"><p style=\"text-align: center;\"><strong>Brillant avec ou sans film de protection<\/strong><\/p>\n<\/div><\/div><\/div><\/div><\/div><\/div><div class=\"vc_col-sm-1\/5 wpb_column vc_column_container\"><div class=\"vc_column-inner\"><div class=\"wpb_wrapper\"><div class=\"w-iconbox iconpos_top style_outlined color_primary align_center\"><div class=\"w-iconbox-icon\" style=\"font-size:2rem;\"><i class=\"fas fa-border-none border-outer\"><\/i><\/div><div class=\"w-iconbox-meta\"><h4 class=\"w-iconbox-title\">Grains<\/h4><div class=\"w-iconbox-text\"><p style=\"text-align: center;\"><strong>Grain fin n\u00b0 3<br \/>\n<\/strong><strong>Grain bille n\u00b0 8<\/strong><\/p>\n<\/div><\/div><\/div><\/div><\/div><\/div><div class=\"vc_col-sm-1\/5 wpb_column vc_column_container\"><div class=\"vc_column-inner\"><div class=\"wpb_wrapper\"><div class=\"w-iconbox iconpos_top style_outlined color_primary align_center\"><div class=\"w-iconbox-icon\" style=\"font-size:2rem;\"><i class=\"fas fa-flask\"><\/i><\/div><div class=\"w-iconbox-meta\"><h4 class=\"w-iconbox-title\">Adjuvants<\/h4><div class=\"w-iconbox-text\"><p style=\"text-align: center;\"><strong>Antistatique<\/strong><br \/>\n<strong>Antibact\u00e9rien<\/strong><br \/>\n<strong>Stabilisation UV<\/strong><\/p>\n<\/div><\/div><\/div><\/div><\/div><\/div><div class=\"vc_col-sm-1\/5 wpb_column vc_column_container\"><div class=\"vc_column-inner\"><div class=\"wpb_wrapper\"><div class=\"w-iconbox iconpos_top style_outlined color_primary align_center\"><div class=\"w-iconbox-icon\" style=\"font-size:2rem;\"><i class=\"fas fa-dot-circle\"><\/i><\/div><div class=\"w-iconbox-meta\"><h4 class=\"w-iconbox-title\">Films de protection<\/h4><div class=\"w-iconbox-text\"><p style=\"text-align: center;\"><strong>Film adh\u00e9sif par colle<\/strong><br \/>\n<strong>Film adh\u00e9sif par effet statique<\/strong><\/p>\n<\/div><\/div><\/div><\/div><\/div><\/div><\/div><div class=\"w-separator size_medium\"><\/div><\/div><\/div><\/div><\/div><\/div><\/section><section class=\"l-section wpb_row height_huge with_img parallax_ver\"><div class=\"l-section-img\" role=\"img\" data-img-width=\"1400\" data-img-height=\"786\" style=\"background-image: url(https:\/\/www.sunextrusion.de\/wp-content\/uploads\/2020\/07\/sun-extrusion-kunststoffe.jpg);\"><\/div><div class=\"l-section-h i-cf\"><div class=\"g-cols vc_row via_flex valign_top type_boxes stacking_default\"><div class=\"vc_col-sm-12 wpb_column vc_column_container us_animate_afb\"><div class=\"vc_column-inner\"><div class=\"wpb_wrapper\"><\/div><\/div><\/div><\/div><\/div><\/section><section class=\"l-section wpb_row height_medium\"><div class=\"l-section-h i-cf\"><div class=\"g-cols vc_row via_flex valign_top type_default stacking_default\"><div class=\"vc_col-sm-12 wpb_column vc_column_container\"><div class=\"vc_column-inner\"><div class=\"wpb_wrapper\"><section class=\"l-section wpb_row us_custom_f6cdfcff from-bottom-2 height_medium color_primary\"><div class=\"l-section-h i-cf\"><div class=\"g-cols vc_row via_flex valign_top type_default stacking_default\"><div class=\"vc_col-sm-12 wpb_column vc_column_container\"><div class=\"vc_column-inner\"><div class=\"wpb_wrapper\"><div class=\"w-actionbox color_primary controls_right\"><div class=\"w-actionbox-text\"><h2 class=\"w-actionbox-title\">Cr\u00e9er un contact<\/h2><div class=\"w-actionbox-description\"><p>Utilisez nos comp\u00e9tences \u00e0 votre avantage.<\/p>\n<\/div><\/div><div class=\"w-actionbox-controls\"><a class=\"w-btn us-btn-style_1 icon_atleft\" title=\"Contact\" href=\"https:\/\/www.sunextrusion.de\/fr\/contact\/\"><i class=\"fas fa-paper-plane\"><\/i><span class=\"w-btn-label\">Contacter maintenant<\/span><\/a><\/div><\/div><\/div><\/div><\/div><\/div><\/div><\/section>\n<\/div><\/div><\/div><\/div><\/div><\/section>\n","protected":false},"excerpt":{"rendered":"SUN BlendsNotre SUN Blends SUN PSPE SUN PSPE est un m\u00e9lange de polystyr\u00e8ne \u00e0 haute r\u00e9sistance aux chocs (HIPS) et de poly\u00e9thyl\u00e8ne (PE). SUN PSPE se caract\u00e9rise par sa tr\u00e8s grande r\u00e9sistance aux chocs, sa faible abrasion et sa grande robustesse en cas de formation de fissures de tension. Il r\u00e9siste bien aux produits chimiques...","protected":false},"author":1,"featured_media":0,"parent":0,"menu_order":0,"comment_status":"closed","ping_status":"closed","template":"","meta":[],"acf":[],"yoast_head":"<!-- This site is optimized with the Yoast SEO plugin v19.3 - https:\/\/yoast.com\/wordpress\/plugins\/seo\/ -->\n<title>Produits - sunextrusion<\/title>\n<meta name=\"robots\" content=\"index, follow, max-snippet:-1, max-image-preview:large, max-video-preview:-1\" \/>\n<link rel=\"canonical\" href=\"https:\/\/www.sunextrusion.de\/fr\/produits\/\" \/>\n<meta property=\"og:locale\" content=\"fr_FR\" \/>\n<meta property=\"og:type\" content=\"article\" \/>\n<meta property=\"og:title\" content=\"Produits - sunextrusion\" \/>\n<meta property=\"og:url\" content=\"https:\/\/www.sunextrusion.de\/fr\/produits\/\" \/>\n<meta property=\"og:site_name\" content=\"sunextrusion\" \/>\n<meta property=\"article:modified_time\" content=\"2021-12-13T15:14:45+00:00\" \/>\n<meta name=\"twitter:card\" content=\"summary_large_image\" \/>\n<meta name=\"twitter:label1\" content=\"Dur\u00e9e de lecture estim\u00e9e\" \/>\n\t<meta name=\"twitter:data1\" content=\"2 minutes\" \/>\n<script type=\"application\/ld+json\" class=\"yoast-schema-graph\">{\"@context\":\"https:\/\/schema.org\",\"@graph\":[{\"@type\":\"WebSite\",\"@id\":\"https:\/\/www.sunextrusion.de\/#website\",\"url\":\"https:\/\/www.sunextrusion.de\/\",\"name\":\"sunextrusion\",\"description\":\"Ihr Spezialist f\u00fcr Kunststoffe\",\"potentialAction\":[{\"@type\":\"SearchAction\",\"target\":{\"@type\":\"EntryPoint\",\"urlTemplate\":\"https:\/\/www.sunextrusion.de\/?s={search_term_string}\"},\"query-input\":\"required name=search_term_string\"}],\"inLanguage\":\"fr-FR\"},{\"@type\":\"WebPage\",\"@id\":\"https:\/\/www.sunextrusion.de\/fr\/produits\/\",\"url\":\"https:\/\/www.sunextrusion.de\/fr\/produits\/\",\"name\":\"Produits - sunextrusion\",\"isPartOf\":{\"@id\":\"https:\/\/www.sunextrusion.de\/#website\"},\"datePublished\":\"2021-12-13T15:14:43+00:00\",\"dateModified\":\"2021-12-13T15:14:45+00:00\",\"breadcrumb\":{\"@id\":\"https:\/\/www.sunextrusion.de\/fr\/produits\/#breadcrumb\"},\"inLanguage\":\"fr-FR\",\"potentialAction\":[{\"@type\":\"ReadAction\",\"target\":[\"https:\/\/www.sunextrusion.de\/fr\/produits\/\"]}]},{\"@type\":\"BreadcrumbList\",\"@id\":\"https:\/\/www.sunextrusion.de\/fr\/produits\/#breadcrumb\",\"itemListElement\":[{\"@type\":\"ListItem\",\"position\":1,\"name\":\"Startseite\",\"item\":\"https:\/\/www.sunextrusion.de\/fr\/\"},{\"@type\":\"ListItem\",\"position\":2,\"name\":\"Produits\"}]}]}<\/script>\n<!-- \/ Yoast SEO plugin. -->","yoast_head_json":{"title":"Produits - sunextrusion","robots":{"index":"index","follow":"follow","max-snippet":"max-snippet:-1","max-image-preview":"max-image-preview:large","max-video-preview":"max-video-preview:-1"},"canonical":"https:\/\/www.sunextrusion.de\/fr\/produits\/","og_locale":"fr_FR","og_type":"article","og_title":"Produits - sunextrusion","og_url":"https:\/\/www.sunextrusion.de\/fr\/produits\/","og_site_name":"sunextrusion","article_modified_time":"2021-12-13T15:14:45+00:00","twitter_card":"summary_large_image","twitter_misc":{"Dur\u00e9e de lecture estim\u00e9e":"2 minutes"},"schema":{"@context":"https:\/\/schema.org","@graph":[{"@type":"WebSite","@id":"https:\/\/www.sunextrusion.de\/#website","url":"https:\/\/www.sunextrusion.de\/","name":"sunextrusion","description":"Ihr Spezialist f\u00fcr Kunststoffe","potentialAction":[{"@type":"SearchAction","target":{"@type":"EntryPoint","urlTemplate":"https:\/\/www.sunextrusion.de\/?s={search_term_string}"},"query-input":"required name=search_term_string"}],"inLanguage":"fr-FR"},{"@type":"WebPage","@id":"https:\/\/www.sunextrusion.de\/fr\/produits\/","url":"https:\/\/www.sunextrusion.de\/fr\/produits\/","name":"Produits - sunextrusion","isPartOf":{"@id":"https:\/\/www.sunextrusion.de\/#website"},"datePublished":"2021-12-13T15:14:43+00:00","dateModified":"2021-12-13T15:14:45+00:00","breadcrumb":{"@id":"https:\/\/www.sunextrusion.de\/fr\/produits\/#breadcrumb"},"inLanguage":"fr-FR","potentialAction":[{"@type":"ReadAction","target":["https:\/\/www.sunextrusion.de\/fr\/produits\/"]}]},{"@type":"BreadcrumbList","@id":"https:\/\/www.sunextrusion.de\/fr\/produits\/#breadcrumb","itemListElement":[{"@type":"ListItem","position":1,"name":"Startseite","item":"https:\/\/www.sunextrusion.de\/fr\/"},{"@type":"ListItem","position":2,"name":"Produits"}]}]}},"_links":{"self":[{"href":"https:\/\/www.sunextrusion.de\/fr\/wp-json\/wp\/v2\/pages\/4660"}],"collection":[{"href":"https:\/\/www.sunextrusion.de\/fr\/wp-json\/wp\/v2\/pages"}],"about":[{"href":"https:\/\/www.sunextrusion.de\/fr\/wp-json\/wp\/v2\/types\/page"}],"author":[{"embeddable":true,"href":"https:\/\/www.sunextrusion.de\/fr\/wp-json\/wp\/v2\/users\/1"}],"replies":[{"embeddable":true,"href":"https:\/\/www.sunextrusion.de\/fr\/wp-json\/wp\/v2\/comments?post=4660"}],"version-history":[{"count":2,"href":"https:\/\/www.sunextrusion.de\/fr\/wp-json\/wp\/v2\/pages\/4660\/revisions"}],"predecessor-version":[{"id":4662,"href":"https:\/\/www.sunextrusion.de\/fr\/wp-json\/wp\/v2\/pages\/4660\/revisions\/4662"}],"wp:attachment":[{"href":"https:\/\/www.sunextrusion.de\/fr\/wp-json\/wp\/v2\/media?parent=4660"}],"curies":[{"name":"wp","href":"https:\/\/api.w.org\/{rel}","templated":true}]}}